{"id":115,"date":"2017-02-22T10:41:44","date_gmt":"2017-02-22T09:41:44","guid":{"rendered":"https:\/\/www.anaisrenou-maquilleuse.fr\/?page_id=115"},"modified":"2017-02-22T10:45:47","modified_gmt":"2017-02-22T09:45:47","slug":"mentions-legales","status":"publish","type":"page","link":"https:\/\/www.anaisrenou-maquilleuse.fr\/index.php\/mentions-legales\/","title":{"rendered":"Mentions L\u00e9gales"},"content":{"rendered":"<p><em>(r\u00e9glement\u00e9es par la Loi n\u00b0 2004-575 du 21 juin 2004 pour la confiance dans l\u2019\u00e9conomie num\u00e9rique)<\/em><\/p>\n<h2 style=\"text-align: left;\">Edition<\/h2>\n<p>Ce site est \u00e9dit\u00e9 par Anais Renou<br \/>\nSIRET 82346706300017<br \/>\n Portable.<strong> 06 42 10 67 30<\/strong><br \/>\n Email : <a href=\"mailto:anais.renou.mua@gmail.com\">anais.renou.mua@gmail.com<\/a><\/p>\n<h2 style=\"text-align: left;\">R\u00e9alisation et h\u00e9bergement du site<\/h2>\n<p>Ideo Point Com<br \/>\n 5 rue du Four Brul\u00e9<br \/>\n 37110 CHATEAU RENAULT<br \/>\n T\u00e9l : <strong>02 47 52 24 28<\/strong><br \/>\n <a href=\"http:\/\/www.ideopoint.com\" target=\"_blank\">www.ideopoint.com<\/a><\/p>\n<h2 style=\"text-align: left;\">Responsablit\u00e9<\/h2>\n<p>Le propri\u00e9taire assure seul la responsabilit\u00e9 des informations et des prestations fournies. Cependant, Anais Renou s&rsquo;efforce d&rsquo;assurer au mieux de ses possibilit\u00e9s, l&rsquo;exactitude et la mise \u00e0 jour des informations diffus\u00e9es sur ce site, dont il se r\u00e9serve le droit de corriger, \u00e0 tout moment et sans pr\u00e9avis, le contenu. Aussi, elle avertit le visiteur qu&rsquo;il lui appartient de v\u00e9rifier l&rsquo;information par d&rsquo;autres moyens. En cons\u00e9quence, Anais Renou d\u00e9cline toute responsabilit\u00e9 : pour toute impr\u00e9cision, inexactitude ou omission portant sur des informations disponibles sur le site ; pour tous dommages r\u00e9sultant d&rsquo;une intrusion frauduleuse d&rsquo;un tiers ayant entra\u00een\u00e9 une modification des informations mises \u00e0 la disposition sur le site ; et plus g\u00e9n\u00e9ralement pour tous dommages, directs ou indirects, qu&rsquo;elles qu&rsquo;en soient les causes, origines, nature ou cons\u00e9quences, provoqu\u00e9s \u00e0 raison de l&rsquo;acc\u00e8s de quiconque au site ou de l&rsquo;impossibilit\u00e9 d&rsquo;y acc\u00e9der, de m\u00eame que l&rsquo;utilisation du site et\/ou du cr\u00e9dit accord\u00e9 \u00e0 une quelconque information provenant directement ou indirectement de ce dernier. Par ailleurs, sauf mention contraire, les droits de propri\u00e9t\u00e9 intellectuelle sur les documents contenus dans le site et chacun des \u00e9l\u00e9ments cr\u00e9\u00e9s pour ce site sont la propri\u00e9t\u00e9 exclusive de Anais Renou ou de ses fournisseurs, ceux-ci ne conc\u00e9dant aucune licence, ni aucun droit que celui de consulter le site. La reproduction de tous documents publi\u00e9s sur le site est seulement autoris\u00e9e \u00e0 des fins exclusives d&rsquo;informations pour un usage personnel et priv\u00e9, toute reproduction et toute utilisation de copies r\u00e9alis\u00e9es \u00e0 d&rsquo;autres fins \u00e9tant express\u00e9ment interdite. Toutes les marques cit\u00e9es dans ce site appartiennent \u00e0 leurs compagnies respectives. Tous les produits, logos, et images cit\u00e9s dans les pages de ce site sont la propri\u00e9t\u00e9 de leur marque respective.<\/p>\n<h2 style=\"text-align: left;\">Traitement des donn\u00e9es personnelles<\/h2>\n<p>Les informations que Anais Renou sera amen\u00e9e \u00e0 recueillir proviennent de l\u2019enregistrement volontaire d\u2019une adresse courriel fournie par l\u2019internaute, lui permettant de recevoir une documentation, de se renseigner sur un point quelconque. Ces informations ne sont jamais communiqu\u00e9es \u00e0 des tiers.<\/p>\n<h2 style=\"text-align: left;\">Droits d&rsquo;auteur<\/h2>\n<p>L\u2019ensemble de ce site rel\u00e8ve de la l\u00e9gislation fran\u00e7aise et internationale sur le droit d\u2019auteur et la propri\u00e9t\u00e9 intellectuelle. Toute repr\u00e9sentation, reproduction, modification, utilisation commerciale, ainsi que tout transfert vers un autre site sont interdits, sauf autorisation \u00e0 demander par courrier \u00e0 l\u2019adresse indiqu\u00e9e plus haut. Seule une utilisation \u00e0 des fins strictement personnelle est autoris\u00e9e.<\/p>\n<h2 style=\"text-align: left;\">Liens hypertexte (responsabilit\u00e9)<\/h2>\n<p>Les liens hypertextes pr\u00e9sents sur le site orientant les utilisateurs vers d\u2019autres sites Internet n\u2019engagent pas la responsabilit\u00e9 de la soci\u00e9t\u00e9 Anais Renou quant au contenu de ces sites. Toute personne physique ou morale souhaitant que soit \u00e9tabli un lien avec <a href=\"http:\/\/www.anais-renou.fr\">www.anais-renou.fr<\/a> \u00e0 partir de notre site, doit pr\u00e9alablement en demander l\u2019autorisation. L\u2019\u00e9tablissement de lien vers notre site ne requiert pas d\u2019autorisation. Anais Renou d\u00e9gage toute responsabilit\u00e9 dans ce cas.<\/p>\n<p>&nbsp;<\/p>\n<p>&nbsp;<\/p>\n","protected":false},"excerpt":{"rendered":"<p>(r\u00e9glement\u00e9es par la Loi n\u00b0 2004-575 du 21 juin 2004 pour la confiance dans l\u2019\u00e9conomie num\u00e9rique) Edition Ce site est \u00e9dit\u00e9 par Anais Renou SIRET 82346706300017 Portable. 06 42 10 67 30 Email : anais.renou.mua@gmail.com R\u00e9alisation et h\u00e9bergement du site Ideo Point Com 5 rue du Four Brul\u00e9 37110 CHATEAU RENAULT T\u00e9l : 02 47 [&hellip;]<\/p>\n","protected":false},"author":1,"featured_media":0,"parent":0,"menu_order":0,"comment_status":"closed","ping_status":"closed","template":"","meta":[],"_links":{"self":[{"href":"https:\/\/www.anaisrenou-maquilleuse.fr\/index.php\/wp-json\/wp\/v2\/pages\/115"}],"collection":[{"href":"https:\/\/www.anaisrenou-maquilleuse.fr\/index.php\/wp-json\/wp\/v2\/pages"}],"about":[{"href":"https:\/\/www.anaisrenou-maquilleuse.fr\/index.php\/wp-json\/wp\/v2\/types\/page"}],"author":[{"embeddable":true,"href":"https:\/\/www.anaisrenou-maquilleuse.fr\/index.php\/wp-json\/wp\/v2\/users\/1"}],"replies":[{"embeddable":true,"href":"https:\/\/www.anaisrenou-maquilleuse.fr\/index.php\/wp-json\/wp\/v2\/comments?post=115"}],"version-history":[{"count":3,"href":"https:\/\/www.anaisrenou-maquilleuse.fr\/index.php\/wp-json\/wp\/v2\/pages\/115\/revisions"}],"predecessor-version":[{"id":120,"href":"https:\/\/www.anaisrenou-maquilleuse.fr\/index.php\/wp-json\/wp\/v2\/pages\/115\/revisions\/120"}],"wp:attachment":[{"href":"https:\/\/www.anaisrenou-maquilleuse.fr\/index.php\/wp-json\/wp\/v2\/media?parent=115"}],"curies":[{"name":"wp","href":"https:\/\/api.w.org\/{rel}","templated":true}]}}