{"id":247,"date":"2018-07-31T17:38:09","date_gmt":"2018-07-31T15:38:09","guid":{"rendered":"https:\/\/www.anaisrenou-maquilleuse.fr\/?page_id=247"},"modified":"2018-12-26T15:11:41","modified_gmt":"2018-12-26T14:11:41","slug":"politique-de-confidentialite","status":"publish","type":"page","link":"https:\/\/www.anaisrenou-maquilleuse.fr\/index.php\/politique-de-confidentialite\/","title":{"rendered":"Politique de confidentialit\u00e9"},"content":{"rendered":"<p>Cette politique de confidentialit\u00e9 s&rsquo;applique au site : <strong>Anais Renou &#8211; <a href=\"https:\/\/www.anaisrenou-maquilleuse.fr\">www.anaisrenou-maquilleuse.fr<\/a><br \/>\n<\/strong><\/p>\n<h2 style=\"text-align: left;\">I \/ LES DONNEES PERSONNELLES<\/h2>\n<p>Globalement, vous pouvez visiter notre site sans divulguer aucune information personnelle vous concernant. Aucune obligation vous impose de transmettre ces informations \u00e0 Anais Renou.<\/p>\n<p>Conform\u00e9ment au R\u00e8glement G\u00e9n\u00e9ral sur la Protection des Donn\u00e9es (General Data Protection Regulation) adopt\u00e9 par le Parlement europ\u00e9en le 14 avril 2016, et \u00e0 la Loi Informatique et Libert\u00e9s du 6 janvier 1978 modifi\u00e9e, Anais Renou vous renseigne sur les points suivants :<\/p>\n<p><strong>1. L\u2019identit\u00e9 du responsable du traitement<\/strong><\/p>\n<p>Le responsable du traitement est Anais Renou , ayant son si\u00e8ge social au<\/p>\n<p>Anais Renou<br \/>\nSIRET 82346706300017<br \/>\nPortable. <strong>06 42 10 67 30<\/strong><br \/>\nEmail : <a href=\"mailto:anais.renou.mua@gmail.com\">anais.renou.mua@gmail.com<\/a><\/p>\n<p><strong>2. Les finalit\u00e9s du traitement<\/strong><\/p>\n<p>Anais Renou est susceptible de traiter vos Informations Personnelles :<br \/>\n(a) aux fins de vous fournir les informations ou les services que vous avez demand\u00e9 de recevoir (demande de devis, demande d&rsquo;information, newsletters, ..) ; et\/ou<br \/>\n(b) aux fins de recueillir des informations nous permettant d\u2019am\u00e9liorer notre Site, nos produits et services (notamment par le biais de cookies) ;<br \/>\nLa loi informatique et libert\u00e9 vous permet de faire une demande de modification ou de r\u00e9siliation de vos donn\u00e9es. (envoyer un courrier \u00e0 l&rsquo;adresse ci dessus avec une pi\u00e8ce identit\u00e9)<\/p>\n<p><strong>3. Les destinataires<\/strong><\/p>\n<p>Seul Anais Renou est destinataire de vos Informations Personnelles. Celles-ci, que ce soit sous forme individuelle ou agr\u00e9g\u00e9e, ne sont jamais transmises \u00e0 un tiers.<\/p>\n<p><strong>4. Dur\u00e9e de conservation<\/strong><\/p>\n<p>Vos Informations Personnelles sont conserv\u00e9es par<strong> Anais Renou<\/strong> uniquement pour le temps correspondant \u00e0 la finalit\u00e9 de la collecte qui ne saurait en tout \u00e9tat de cause exc\u00e9der 24 mois.<\/p>\n<p><strong>5. H\u00e9bergement des donn\u00e9es<\/strong><\/p>\n<p>Le site<a href=\"https:\/\/www.anaisrenou-maquilleuse.fr\" target=\"_blank\" rel=\"noopener\"> www.anaisrenou-maquilleuse.fr<\/a> est h\u00e9berg\u00e9 par : <a href=\"http:\/\/www.ideopoint.com\" target=\"_blank\" rel=\"noopener\"><strong>Ideo Point Com<\/strong><\/a> , dont le si\u00e8ge est situ\u00e9 au <strong>5 rue du Four Br\u00fble &#8211; 37110 Chateau-renault<\/strong><\/p>\n<p>L&rsquo;h\u00e9bergeur peut \u00eatre contact\u00e9 au num\u00e9ro de t\u00e9l\u00e9phone suivant : <strong>02 47 52 24 28<\/strong><br \/>\nLes donn\u00e9es collect\u00e9es et trait\u00e9es par le site sont exclusivement h\u00e9berg\u00e9es et trait\u00e9es en France.<\/p>\n<h2 style=\"text-align: left;\">2 \/ UTILISATION DES FICHIERS \u00ab\u00a0COOKIES\u00a0\u00bb<\/h2>\n<p>Le site a \u00e9ventuellement recours aux techniques de \u00ab\u00a0cookies\u00a0\u00bb.<br \/>\nUn \u00ab\u00a0cookie\u00a0\u00bb est un fichier de petite taille (moins de 4 ko), stock\u00e9 par le site sur le disque dur de l&rsquo;utilisateur, contenant des informations relatives aux habitudes de navigation de l&rsquo;utilisateur.<\/p>\n<p>Ces fichiers lui permettent de traiter des statistiques et des informations sur le trafic, de faciliter la navigation et d&rsquo;am\u00e9liorer le service pour le confort de l&rsquo;utilisateur.<\/p>\n<p>Opposition de l&rsquo;utilisateur \u00e0 l&rsquo;utilisation de fichiers \u00ab\u00a0cookies\u00a0\u00bb par le site<\/p>\n<p>Il est port\u00e9 \u00e0 la connaissance de l&rsquo;utilisateur qu&rsquo;il peut s&rsquo;opposer \u00e0 l&rsquo;enregistrement de ces fichiers \u00ab\u00a0cookies\u00a0\u00bb en configurant son logiciel de navigation.<\/p>\n<p>Pour information, l&rsquo;utilisateur peut trouver aux adresses suivantes les d\u00e9marches \u00e0 suivre afin de configurer son logiciel de navigation pour s&rsquo;opposer \u00e0 l&rsquo;enregistrement des fichiers \u00ab\u00a0cookies\u00a0\u00bb :<\/p>\n<p><strong>Firefox<\/strong> : <em>menu du haut \u00e0 droite: outils \u2013 options internet \u2013 vie priv\u00e9e et s\u00e9curit\u00e9<\/em><br \/>\n<strong>Chrome<\/strong> : <em>menu du haut \u00e0 droite: param\u00e8tres \u2013 param\u00e8tres suppl\u00e8mentaires<\/em><br \/>\n<strong>Safari<\/strong> : <em>menu du haut safari: pr\u00e9f\u00e9rences \u2013 confidentialit\u00e9<\/em><br \/>\n<strong>Explorer<\/strong> : <em>menu du haut \u00e0 droite: outils \u2013 options internet \u2013 confidentialit\u00e9<\/em><br \/>\n<strong>Edge<\/strong> : <em>menu du haut \u00e0 droite: param\u00e9tres \u2013 param\u00e9tres avanc\u00e9s<\/em><\/p>\n<p>Dans le cas o\u00f9 l&rsquo;utilisateur d\u00e9cide de d\u00e9sactiver les fichiers \u00ab\u00a0cookies\u00a0\u00bb, il pourra poursuivre sa navigation sur le site. Toutefois, tout dysfonctionnement du site provoqu\u00e9 par cette manipulation ne pourrait \u00eatre consid\u00e9r\u00e9 comme \u00e9tant du fait de l&rsquo;\u00e9diteur du site.<\/p>\n<p>De plus, le site int\u00e8gre des boutons de r\u00e9seaux sociaux, permettant \u00e0 l&rsquo;utilisateur de partager son activit\u00e9 sur le site. Des fichiers \u00ab\u00a0cookies\u00a0\u00bb de ces r\u00e9seaux sociaux sont par cons\u00e9quent susceptibles d&rsquo;\u00eatre stock\u00e9s sur l&rsquo;ordinateur de l&rsquo;utilisateur lorsqu&rsquo;il utilise ces fonctionnalit\u00e9s.<\/p>\n<p>L&rsquo;attention de l&rsquo;utilisateur est port\u00e9e sur le fait que ces sites disposent de politiques de confidentialit\u00e9 propres et de conditions g\u00e9n\u00e9rales d&rsquo;utilisation possiblement diff\u00e9rentes du site.<\/p>\n<p>L&rsquo;\u00e9diteur du site invite les utilisateurs \u00e0 consulter les politiques de confidentialit\u00e9 et les conditions g\u00e9n\u00e9rales d&rsquo;utilisation de ces sites.<\/p>\n<p><strong>Google Analytics<\/strong> analyse de traffic de votre site Google \u2013 <a href=\"https:\/\/policies.google.com\/privacy?hl=fr\" target=\"_blank\" rel=\"noopener\">https:\/\/policies.google.com\/privacy?hl=fr<\/a><br \/>\n<strong>Google Maps<\/strong> g\u00e9olocalisation Google \u2013 <a href=\"https:\/\/www.google.com\/intl\/fr_fr\/help\/terms_maps.html\" target=\"_blank\" rel=\"noopener\">https:\/\/www.google.com\/intl\/fr_fr\/help\/terms_maps.html<\/a><\/p>\n<h2 style=\"text-align: left;\">III \/ ADRESSES UTILES<\/h2>\n<p><strong>ICANN<\/strong> &#8211; Bureaux d\u2019enregistrement accr\u00e9dit\u00e9s ICANN<br \/>\n<strong>INTERNIC<\/strong> &#8211; <a href=\"https:\/\/www.internic.net\/\" target=\"_blank\" rel=\"noopener\">https:\/\/www.internic.net\/<\/a><br \/>\n<strong>AFNIC<\/strong> \u2013 <a href=\"https:\/\/www.afnic.fr\/\" target=\"_blank\" rel=\"noopener\">https:\/\/www.afnic.fr\/<\/a><\/p>\n","protected":false},"excerpt":{"rendered":"<p>Cette politique de confidentialit\u00e9 s&rsquo;applique au site : Anais Renou &#8211; www.anaisrenou-maquilleuse.fr I \/ LES DONNEES PERSONNELLES Globalement, vous pouvez visiter notre site sans divulguer aucune information personnelle vous concernant. Aucune obligation vous impose de transmettre ces informations \u00e0 Anais Renou. Conform\u00e9ment au R\u00e8glement G\u00e9n\u00e9ral sur la Protection des Donn\u00e9es (General Data Protection Regulation) adopt\u00e9 [&hellip;]<\/p>\n","protected":false},"author":1,"featured_media":0,"parent":0,"menu_order":0,"comment_status":"closed","ping_status":"closed","template":"","meta":[],"_links":{"self":[{"href":"https:\/\/www.anaisrenou-maquilleuse.fr\/index.php\/wp-json\/wp\/v2\/pages\/247"}],"collection":[{"href":"https:\/\/www.anaisrenou-maquilleuse.fr\/index.php\/wp-json\/wp\/v2\/pages"}],"about":[{"href":"https:\/\/www.anaisrenou-maquilleuse.fr\/index.php\/wp-json\/wp\/v2\/types\/page"}],"author":[{"embeddable":true,"href":"https:\/\/www.anaisrenou-maquilleuse.fr\/index.php\/wp-json\/wp\/v2\/users\/1"}],"replies":[{"embeddable":true,"href":"https:\/\/www.anaisrenou-maquilleuse.fr\/index.php\/wp-json\/wp\/v2\/comments?post=247"}],"version-history":[{"count":11,"href":"https:\/\/www.anaisrenou-maquilleuse.fr\/index.php\/wp-json\/wp\/v2\/pages\/247\/revisions"}],"predecessor-version":[{"id":261,"href":"https:\/\/www.anaisrenou-maquilleuse.fr\/index.php\/wp-json\/wp\/v2\/pages\/247\/revisions\/261"}],"wp:attachment":[{"href":"https:\/\/www.anaisrenou-maquilleuse.fr\/index.php\/wp-json\/wp\/v2\/media?parent=247"}],"curies":[{"name":"wp","href":"https:\/\/api.w.org\/{rel}","templated":true}]}}